{"id":320,"date":"2021-09-29T22:10:31","date_gmt":"2021-09-29T20:10:31","guid":{"rendered":"https:\/\/licho.xyz\/?page_id=320"},"modified":"2022-09-11T19:10:51","modified_gmt":"2022-09-11T17:10:51","slug":"rekolekcje","status":"publish","type":"page","link":"https:\/\/licho.xyz\/index.php\/rekolekcje\/","title":{"rendered":"Rekolekcje"},"content":{"rendered":"<p>Gdyby kt\u00f3ry\u015b z braci kap\u0142an\u00f3w potrzebowa\u0142 rekolekcjonisty, zw\u0142aszcza rekolekcje dla doros\u0142ych, prosz\u0119 o kontakt. Je\u015bli terminy pozwol\u0105, jestem otwarty.<\/p>\n<p>Prosz\u0119 pisa\u0107 na Facebooku lub na blog.slowo@gmail.com<\/p>\n<p>odezw\u0119 si\u0119.<\/p>\n","protected":false},"excerpt":{"rendered":"<p>Gdyby kt\u00f3ry\u015b z braci kap\u0142an\u00f3w potrzebowa\u0142 rekolekcjonisty, zw\u0142aszcza rekolekcje dla doros\u0142ych, prosz\u0119 o kontakt. Je\u015bli terminy pozwol\u0105, jestem otwarty. Prosz\u0119&hellip;<\/p>\n","protected":false},"author":1,"featured_media":0,"parent":0,"menu_order":0,"comment_status":"closed","ping_status":"closed","template":"","meta":{"footnotes":""},"class_list":["post-320","page","type-page","status-publish","hentry"],"yoast_head":"<!-- This site is optimized with the Yoast SEO plugin v27.2 - https:\/\/yoast.com\/product\/yoast-seo-wordpress\/ -->\n<title>Rekolekcje - S\u0142owo \u017bycia<\/title>\n<meta name=\"robots\" content=\"index, follow, max-snippet:-1, max-image-preview:large, max-video-preview:-1\" \/>\n<link rel=\"canonical\" href=\"https:\/\/licho.xyz\/index.php\/rekolekcje\/\" \/>\n<meta property=\"og:locale\" content=\"pl_PL\" \/>\n<meta property=\"og:type\" content=\"article\" \/>\n<meta property=\"og:title\" content=\"Rekolekcje - S\u0142owo \u017bycia\" \/>\n<meta property=\"og:description\" content=\"Gdyby kt\u00f3ry\u015b z braci kap\u0142an\u00f3w potrzebowa\u0142 rekolekcjonisty, zw\u0142aszcza rekolekcje dla doros\u0142ych, prosz\u0119 o kontakt. Je\u015bli terminy pozwol\u0105, jestem otwarty. Prosz\u0119&hellip;\" \/>\n<meta property=\"og:url\" content=\"https:\/\/licho.xyz\/index.php\/rekolekcje\/\" \/>\n<meta property=\"og:site_name\" content=\"S\u0142owo \u017bycia\" \/>\n<meta property=\"article:modified_time\" content=\"2022-09-11T17:10:51+00:00\" \/>\n<meta name=\"twitter:card\" content=\"summary_large_image\" \/>\n<script type=\"application\/ld+json\" class=\"yoast-schema-graph\">{\"@context\":\"https:\/\/schema.org\",\"@graph\":[{\"@type\":\"WebPage\",\"@id\":\"https:\/\/licho.xyz\/index.php\/rekolekcje\/\",\"url\":\"https:\/\/licho.xyz\/index.php\/rekolekcje\/\",\"name\":\"Rekolekcje - S\u0142owo \u017bycia\",\"isPartOf\":{\"@id\":\"https:\/\/licho.xyz\/#website\"},\"datePublished\":\"2021-09-29T20:10:31+00:00\",\"dateModified\":\"2022-09-11T17:10:51+00:00\",\"breadcrumb\":{\"@id\":\"https:\/\/licho.xyz\/index.php\/rekolekcje\/#breadcrumb\"},\"inLanguage\":\"pl-PL\",\"potentialAction\":[{\"@type\":\"ReadAction\",\"target\":[\"https:\/\/licho.xyz\/index.php\/rekolekcje\/\"]}]},{\"@type\":\"BreadcrumbList\",\"@id\":\"https:\/\/licho.xyz\/index.php\/rekolekcje\/#breadcrumb\",\"itemListElement\":[{\"@type\":\"ListItem\",\"position\":1,\"name\":\"Strona g\u0142\u00f3wna\",\"item\":\"https:\/\/licho.xyz\/\"},{\"@type\":\"ListItem\",\"position\":2,\"name\":\"Rekolekcje\"}]},{\"@type\":\"WebSite\",\"@id\":\"https:\/\/licho.xyz\/#website\",\"url\":\"https:\/\/licho.xyz\/\",\"name\":\"S\u0142owo \u017bycia\",\"description\":\"Blog osobisty\",\"publisher\":{\"@id\":\"https:\/\/licho.xyz\/#\/schema\/person\/f49c8bc08dfb9e5c1d425a01465c53d7\"},\"potentialAction\":[{\"@type\":\"SearchAction\",\"target\":{\"@type\":\"EntryPoint\",\"urlTemplate\":\"https:\/\/licho.xyz\/?s={search_term_string}\"},\"query-input\":{\"@type\":\"PropertyValueSpecification\",\"valueRequired\":true,\"valueName\":\"search_term_string\"}}],\"inLanguage\":\"pl-PL\"},{\"@type\":[\"Person\",\"Organization\"],\"@id\":\"https:\/\/licho.xyz\/#\/schema\/person\/f49c8bc08dfb9e5c1d425a01465c53d7\",\"name\":\"xS\u0142awomir\",\"image\":{\"@type\":\"ImageObject\",\"inLanguage\":\"pl-PL\",\"@id\":\"https:\/\/licho.xyz\/wp-content\/uploads\/2026\/03\/304851364_420039680220434_1880032496013778360_n.jpg\",\"url\":\"https:\/\/licho.xyz\/wp-content\/uploads\/2026\/03\/304851364_420039680220434_1880032496013778360_n.jpg\",\"contentUrl\":\"https:\/\/licho.xyz\/wp-content\/uploads\/2026\/03\/304851364_420039680220434_1880032496013778360_n.jpg\",\"width\":1465,\"height\":1465,\"caption\":\"xS\u0142awomir\"},\"logo\":{\"@id\":\"https:\/\/licho.xyz\/wp-content\/uploads\/2026\/03\/304851364_420039680220434_1880032496013778360_n.jpg\"},\"sameAs\":[\"http:\/\/54.37.136.75\"]}]}<\/script>\n<!-- \/ Yoast SEO plugin. -->","yoast_head_json":{"title":"Rekolekcje - S\u0142owo \u017bycia","robots":{"index":"index","follow":"follow","max-snippet":"max-snippet:-1","max-image-preview":"max-image-preview:large","max-video-preview":"max-video-preview:-1"},"canonical":"https:\/\/licho.xyz\/index.php\/rekolekcje\/","og_locale":"pl_PL","og_type":"article","og_title":"Rekolekcje - S\u0142owo \u017bycia","og_description":"Gdyby kt\u00f3ry\u015b z braci kap\u0142an\u00f3w potrzebowa\u0142 rekolekcjonisty, zw\u0142aszcza rekolekcje dla doros\u0142ych, prosz\u0119 o kontakt. Je\u015bli terminy pozwol\u0105, jestem otwarty. Prosz\u0119&hellip;","og_url":"https:\/\/licho.xyz\/index.php\/rekolekcje\/","og_site_name":"S\u0142owo \u017bycia","article_modified_time":"2022-09-11T17:10:51+00:00","twitter_card":"summary_large_image","schema":{"@context":"https:\/\/schema.org","@graph":[{"@type":"WebPage","@id":"https:\/\/licho.xyz\/index.php\/rekolekcje\/","url":"https:\/\/licho.xyz\/index.php\/rekolekcje\/","name":"Rekolekcje - S\u0142owo \u017bycia","isPartOf":{"@id":"https:\/\/licho.xyz\/#website"},"datePublished":"2021-09-29T20:10:31+00:00","dateModified":"2022-09-11T17:10:51+00:00","breadcrumb":{"@id":"https:\/\/licho.xyz\/index.php\/rekolekcje\/#breadcrumb"},"inLanguage":"pl-PL","potentialAction":[{"@type":"ReadAction","target":["https:\/\/licho.xyz\/index.php\/rekolekcje\/"]}]},{"@type":"BreadcrumbList","@id":"https:\/\/licho.xyz\/index.php\/rekolekcje\/#breadcrumb","itemListElement":[{"@type":"ListItem","position":1,"name":"Strona g\u0142\u00f3wna","item":"https:\/\/licho.xyz\/"},{"@type":"ListItem","position":2,"name":"Rekolekcje"}]},{"@type":"WebSite","@id":"https:\/\/licho.xyz\/#website","url":"https:\/\/licho.xyz\/","name":"S\u0142owo \u017bycia","description":"Blog osobisty","publisher":{"@id":"https:\/\/licho.xyz\/#\/schema\/person\/f49c8bc08dfb9e5c1d425a01465c53d7"},"potentialAction":[{"@type":"SearchAction","target":{"@type":"EntryPoint","urlTemplate":"https:\/\/licho.xyz\/?s={search_term_string}"},"query-input":{"@type":"PropertyValueSpecification","valueRequired":true,"valueName":"search_term_string"}}],"inLanguage":"pl-PL"},{"@type":["Person","Organization"],"@id":"https:\/\/licho.xyz\/#\/schema\/person\/f49c8bc08dfb9e5c1d425a01465c53d7","name":"xS\u0142awomir","image":{"@type":"ImageObject","inLanguage":"pl-PL","@id":"https:\/\/licho.xyz\/wp-content\/uploads\/2026\/03\/304851364_420039680220434_1880032496013778360_n.jpg","url":"https:\/\/licho.xyz\/wp-content\/uploads\/2026\/03\/304851364_420039680220434_1880032496013778360_n.jpg","contentUrl":"https:\/\/licho.xyz\/wp-content\/uploads\/2026\/03\/304851364_420039680220434_1880032496013778360_n.jpg","width":1465,"height":1465,"caption":"xS\u0142awomir"},"logo":{"@id":"https:\/\/licho.xyz\/wp-content\/uploads\/2026\/03\/304851364_420039680220434_1880032496013778360_n.jpg"},"sameAs":["http:\/\/54.37.136.75"]}]}},"_links":{"self":[{"href":"https:\/\/licho.xyz\/index.php\/wp-json\/wp\/v2\/pages\/320","targetHints":{"allow":["GET"]}}],"collection":[{"href":"https:\/\/licho.xyz\/index.php\/wp-json\/wp\/v2\/pages"}],"about":[{"href":"https:\/\/licho.xyz\/index.php\/wp-json\/wp\/v2\/types\/page"}],"author":[{"embeddable":true,"href":"https:\/\/licho.xyz\/index.php\/wp-json\/wp\/v2\/users\/1"}],"replies":[{"embeddable":true,"href":"https:\/\/licho.xyz\/index.php\/wp-json\/wp\/v2\/comments?post=320"}],"version-history":[{"count":3,"href":"https:\/\/licho.xyz\/index.php\/wp-json\/wp\/v2\/pages\/320\/revisions"}],"predecessor-version":[{"id":393,"href":"https:\/\/licho.xyz\/index.php\/wp-json\/wp\/v2\/pages\/320\/revisions\/393"}],"wp:attachment":[{"href":"https:\/\/licho.xyz\/index.php\/wp-json\/wp\/v2\/media?parent=320"}],"curies":[{"name":"wp","href":"https:\/\/api.w.org\/{rel}","templated":true}]}}